{"id":171,"date":"2018-08-06T19:07:23","date_gmt":"2018-08-06T19:07:23","guid":{"rendered":"https:\/\/arts-sans-frontieres.ch\/verzeichnis\/?page_id=171"},"modified":"2024-04-16T07:22:31","modified_gmt":"2024-04-16T07:22:31","slug":"impressum","status":"publish","type":"page","link":"https:\/\/arts-sans-frontieres.ch\/verzeichnis\/impressum\/","title":{"rendered":"Impressum &#038; Datenschutz"},"content":{"rendered":"<h4 class=\"p1\"><span class=\"s1\"><b>DATENSCHUTZERKL\u00c4RUNG<\/b><\/span><\/h4>\n<p class=\"p2\"><span class=\"s1\"><b>1. Datenschutz auf einen Blick<\/b><\/span><\/p>\n<p class=\"p3\"><span class=\"s1\"><b>Allgemeine Hinweise<\/b><\/span><\/p>\n<p class=\"p4\"><span class=\"s1\">Die folgenden Hinweise geben einen einfachen \u00dcberblick dar\u00fcber, was mit Ihren personenbezogenen Daten passiert, wenn Sie unsere Website besuchen. Personenbezogene Daten sind alle Daten, mit denen Sie pers\u00f6nlich identifiziert werden k\u00f6nnen. Ausf\u00fchrliche Informationen zum Thema Datenschutz entnehmen Sie unserer unter diesem Text aufgef\u00fchrten Datenschutzerkl\u00e4rung.<\/span><\/p>\n<p class=\"p4\"><span class=\"s1\"><b>Wer ist verantwortlich f\u00fcr die Datenerfassung auf dieser Website?<\/b><\/span><\/p>\n<p class=\"p4\"><span class=\"s1\">Die Datenverarbeitung auf dieser Website erfolgt durch den Websitebetreiber. Dessen Kontaktdaten k\u00f6nnen Sie dem Impressum dieser Website weiter oben auf dieser Website entnehmen.<\/span><\/p>\n<p class=\"p4\"><span class=\"s1\"><b>Wie erfassen wir Ihre Daten?<\/b><\/span><\/p>\n<p class=\"p4\"><span class=\"s1\">Ihre Daten werden zum einen dadurch erhoben, dass Sie uns diese mitteilen. Hierbei kann es sich z.B. um Daten handeln, die Sie in ein Kontaktformular eingeben.<\/span><\/p>\n<p class=\"p4\"><span class=\"s1\">Andere Daten werden automatisch beim Besuch der Website durch unsere IT-Systeme erfasst. Das sind vor allem technische Daten (z.B. Internetbrowser, Betriebssystem oder Uhrzeit des Seitenaufrufs). Die Erfassung dieser Daten erfolgt automatisch, sobald Sie unsere Website betreten.<\/span><\/p>\n<p class=\"p4\"><span class=\"s1\"><b>Wof\u00fcr nutzen wir Ihre Daten?<\/b><\/span><\/p>\n<p class=\"p4\"><span class=\"s1\">Ein Teil der Daten wird erhoben, um eine fehlerfreie Bereitstellung der Website zu gew\u00e4hrleisten. Andere Daten k\u00f6nnen zur Analyse Ihres Nutzerverhaltens verwendet werden.<\/span><\/p>\n<p class=\"p4\"><span class=\"s1\"><b>Welche Rechte haben Sie bez\u00fcglich Ihrer Daten?<\/b><\/span><\/p>\n<p class=\"p4\"><span class=\"s1\">Sie haben jederzeit das Recht unentgeltlich Auskunft \u00fcber Herkunft, Empf\u00e4nger und Zweck Ihrer gespeicherten personenbezogenen Daten zu erhalten. Sie haben au\u00dferdem ein Recht, die Berichtigung, Sperrung oder L\u00f6schung dieser Daten zu verlangen. Hierzu sowie zu weiteren Fragen zum Thema Datenschutz k\u00f6nnen Sie sich jederzeit unter der im Impressum angegebenen Adresse an uns wenden. Des Weiteren steht Ihnen ein Beschwerderecht bei der zust\u00e4ndigen Aufsichtsbeh\u00f6rde zu.<\/span><\/p>\n<p class=\"p3\"><span class=\"s1\"><b>Analyse-Tools und Tools von Drittanbietern<\/b><\/span><\/p>\n<p class=\"p4\"><span class=\"s1\">Beim Besuch unserer Website kann Ihr Surf-Verhalten statistisch ausgewertet werden. Das geschieht vor allem mit Cookies und mit sogenannten Analyseprogrammen. Die Analyse Ihres Surf-Verhaltens erfolgt in der Regel anonym; das Surf-Verhalten kann nicht zu Ihnen zur\u00fcckverfolgt werden. Sie k\u00f6nnen dieser Analyse widersprechen oder sie durch die Nichtbenutzung bestimmter Tools verhindern. Detaillierte Informationen dazu finden Sie in der folgenden Datenschutzerkl\u00e4rung.<\/span><\/p>\n<p class=\"p4\"><span class=\"s1\">Sie k\u00f6nnen dieser Analyse widersprechen. \u00dcber die Widerspruchsm\u00f6glichkeiten werden wir Sie in dieser Datenschutzerkl\u00e4rung informieren.<\/span><\/p>\n<p class=\"p2\"><span class=\"s1\"><b>2. Allgemeine Hinweise und Pflichtinformationen<\/b><\/span><\/p>\n<p class=\"p3\"><span class=\"s1\"><b>Datenschutz<\/b><\/span><\/p>\n<p class=\"p4\"><span class=\"s1\">Die Betreiber dieser Seiten nehmen den Schutz Ihrer pers\u00f6nlichen Daten sehr ernst. Wir behandeln Ihre personenbezogenen Daten vertraulich und entsprechend der gesetzlichen Datenschutzvorschriften sowie dieser Datenschutzerkl\u00e4rung.<\/span><\/p>\n<p class=\"p4\"><span class=\"s1\">Wenn Sie diese Website benutzen, werden verschiedene personenbezogene Daten erhoben. Personenbezogene Daten sind Daten, mit denen Sie pers\u00f6nlich identifiziert werden k\u00f6nnen. Die vorliegende Datenschutzerkl\u00e4rung erl\u00e4utert, welche Daten wir erheben und wof\u00fcr wir sie nutzen. Sie erl\u00e4utert auch, wie und zu welchem Zweck das geschieht.<\/span><\/p>\n<p class=\"p4\"><span class=\"s1\">Wir weisen darauf hin, dass die Daten\u00fcbertragung im Internet (z.B. bei der Kommunikation per E-Mail) Sicherheitsl\u00fccken aufweisen kann. Ein l\u00fcckenloser Schutz der Daten vor dem Zugriff durch Dritte ist nicht m\u00f6glich.<\/span><\/p>\n<p class=\"p3\"><span class=\"s1\"><b>Hinweis zur verantwortlichen Stelle<\/b><\/span><\/p>\n<p class=\"p4\"><span class=\"s1\">Die verantwortliche Stelle f\u00fcr die Datenverarbeitung auf dieser Website ist der Betreiber der Internetseite:<\/span><\/p>\n<p>Arts sans Fronti\u00e8res<\/p>\n<p>c\/o Lena B\u00e4ssler, Gasstrasse 69, 4056 Basel, 061 681 92 28, lena.baessler@arts-sans-frontieres.ch<\/p>\n<h4><strong>IMPRESSUM<\/strong><\/h4>\n<p class=\"font_8\"><strong>Copyright Bilder<\/strong><br \/>\nArts sans Fronti\u00e8res<\/p>\n<p class=\"font_8\"><strong>Haftungsausschluss<\/strong><\/p>\n<p class=\"font_8\">Der Autor \u00fcbernimmt keinerlei Gew\u00e4hr hinsichtlich der inhaltlichen Richtigkeit, Genauigkeit, Aktualit\u00e4t, Zuverl\u00e4ssigkeit und Vollst\u00e4ndigkeit der Informationen.<\/p>\n<p class=\"font_8\">Haftungsanspr\u00fcche gegen den Autor wegen Sch\u00e4den materieller oder immaterieller Art, welche aus dem Zugriff oder der Nutzung bzw. Nichtnutzung der ver\u00f6ffentlichten Informationen, durch Missbrauch der Verbindung oder durch technische St\u00f6rungen entstanden sind, werden ausgeschlossen.<\/p>\n<p class=\"font_8\">Alle Angebote sind unverbindlich. Der Autor beh\u00e4lt es sich ausdr\u00fccklich vor, Teile der Seiten oder das gesamte Angebot ohne gesonderte Ank\u00fcndigung zu ver\u00e4ndern, zu erg\u00e4nzen, zu l\u00f6schen oder die Ver\u00f6ffentlichung zeitweise oder endg\u00fcltig einzustellen.<\/p>\n<p class=\"font_8\"><strong>Haftung f\u00fcr Links<\/strong><\/p>\n<p class=\"font_8\">Verweise und Links auf Webseiten Dritter liegen ausserhalb unseres Verantwortungsbereichs. Es wird jegliche Verantwortung f\u00fcr solche Webseiten abgelehnt. Der Zugriff und die Nutzung solcher Webseiten erfolgen auf eigene Gefahr des Nutzers oder der Nutzerin.<\/p>\n<p class=\"font_8\"><strong>Urheberrechte<\/strong><\/p>\n<p class=\"font_8\">Die Urheber- und alle anderen Rechte an Inhalten, Bildern, Fotos oder anderen Dateien auf der Website geh\u00f6ren ausschliesslich Arts sans Fronti\u00e8res oder den speziell genannten Rechtsinhabern. F\u00fcr die Reproduktion jeglicher Elemente ist die schriftliche Zustimmung der Urheberrechtstr\u00e4ger im Voraus einzuholen.<\/p>\n<p class=\"font_8\"><strong>Verwendung der Kontaktdaten<\/strong><\/p>\n<p class=\"font_8\">Die Verwendung der Kontaktdaten des Impressums zur gewerblichen Werbung ist ausdr\u00fccklich nicht erw\u00fcnscht, es sei denn der Anbieter hatte zuvor seine schriftliche Einwilligung erteilt oder es besteht bereits eine Gesch\u00e4ftsbeziehung. Der Anbieter und alle auf dieser Website genannten Personen widersprechen hiermit jeder kommerziellen Verwendung und Weitergabe ihrer Daten.<\/p>\n","protected":false},"excerpt":{"rendered":"<p>DATENSCHUTZERKL\u00c4RUNG 1. Datenschutz auf einen Blick Allgemeine Hinweise Die folgenden Hinweise geben einen einfachen \u00dcberblick dar\u00fcber, was mit Ihren personenbezogenen Daten passiert, wenn Sie unsere Website besuchen. Personenbezogene Daten sind alle Daten, mit denen Sie pers\u00f6nlich identifiziert werden k\u00f6nnen. Ausf\u00fchrliche Informationen zum Thema Datenschutz entnehmen Sie unserer unter diesem Text aufgef\u00fchrten Datenschutzerkl\u00e4rung. Wer ist verantwortlich<\/p>\n","protected":false},"author":1,"featured_media":0,"parent":0,"menu_order":0,"comment_status":"closed","ping_status":"closed","template":"","meta":{"jetpack_post_was_ever_published":false,"footnotes":""},"class_list":["post-171","page","type-page","status-publish","hentry","no-featured-content"],"jetpack_sharing_enabled":true,"jetpack_shortlink":"https:\/\/wp.me\/P9JAz6-2L","jetpack_likes_enabled":false,"jetpack-related-posts":[],"_links":{"self":[{"href":"https:\/\/arts-sans-frontieres.ch\/verzeichnis\/wp-json\/wp\/v2\/pages\/171","targetHints":{"allow":["GET"]}}],"collection":[{"href":"https:\/\/arts-sans-frontieres.ch\/verzeichnis\/wp-json\/wp\/v2\/pages"}],"about":[{"href":"https:\/\/arts-sans-frontieres.ch\/verzeichnis\/wp-json\/wp\/v2\/types\/page"}],"author":[{"embeddable":true,"href":"https:\/\/arts-sans-frontieres.ch\/verzeichnis\/wp-json\/wp\/v2\/users\/1"}],"replies":[{"embeddable":true,"href":"https:\/\/arts-sans-frontieres.ch\/verzeichnis\/wp-json\/wp\/v2\/comments?post=171"}],"version-history":[{"count":8,"href":"https:\/\/arts-sans-frontieres.ch\/verzeichnis\/wp-json\/wp\/v2\/pages\/171\/revisions"}],"predecessor-version":[{"id":674,"href":"https:\/\/arts-sans-frontieres.ch\/verzeichnis\/wp-json\/wp\/v2\/pages\/171\/revisions\/674"}],"wp:attachment":[{"href":"https:\/\/arts-sans-frontieres.ch\/verzeichnis\/wp-json\/wp\/v2\/media?parent=171"}],"curies":[{"name":"wp","href":"https:\/\/api.w.org\/{rel}","templated":true}]}}